{"id":3089,"date":"2024-04-05T18:47:51","date_gmt":"2024-04-05T16:47:51","guid":{"rendered":"http:\/\/www.wesolyskrzat.edu.pl\/?page_id=3089"},"modified":"2024-04-05T18:53:22","modified_gmt":"2024-04-05T16:53:22","slug":"zapewnienie-dostepnosci","status":"publish","type":"page","link":"https:\/\/www.wesolyskrzat.edu.pl\/index.php\/zapewnienie-dostepnosci\/","title":{"rendered":"Zapewnienie dost\u0119pno\u015bci"},"content":{"rendered":"\n<p>Przedszkole Miejskie nr 1 \u201eWeso\u0142y Skrzat\u201d w Markach zobowi\u0105zuje si\u0119 zapewni\u0107 dost\u0119pno\u015b\u0107 swojej strony internetowej zgodnie z przepisami ustawy z dnia 4 kwietnia 2019 r. o dost\u0119pno\u015bci cyfrowej stron internetowych i aplikacji mobilnych podmiot\u00f3w publicznych. O\u015bwiadczenie w sprawie dost\u0119pno\u015bci ma zastosowanie do strony internetowej&nbsp;<a href=\"http:\/\/www.wesolyskrzat.edu.pl\/\">www.wesolyskrzat.edu.pl<\/a>&nbsp;<\/p>\n\n\n\n<p>Strona internetowa jest zgodna z ustaw\u0105 o dost\u0119pno\u015bci cyfrowej stron internetowych i aplikacji mobilnych podmiot\u00f3w publicznych.<br>&nbsp;<br><br>Data publikacji strony internetowej: 2010 r.<br><br>Data ostatniej istotnej aktualizacji: 2 pa\u017adziernika 2023 r.<br><br>O\u015bwiadczenie sporz\u0105dzono dnia: 23 wrze\u015bnia 2020 r.<br>&nbsp;<\/p>\n\n\n\n<p>Deklaracja zosta\u0142a ostatnio poddana przegl\u0105dowi i aktualizacji dnia 31.03.2024 r.<br><br>Deklaracj\u0119 sporz\u0105dzono na podstawie samooceny przeprowadzonej przez podmiot publiczny.<br><br><br>&nbsp;<br><br>Informacje zwrotne i dane kontaktowe<br><br>W przypadku problem\u00f3w z dost\u0119pno\u015bci\u0105 strony internetowej prosimy o kontakt. Osob\u0105 odpowiedzialn\u0105 jest Katarzyna Podwysocka i Paulina Pyci\u0144ska, adres poczty elektronicznej: pm1.sekretariat@marki.pl<br>&nbsp;<br><br>T\u0105 sam\u0105 drog\u0105 mo\u017cna sk\u0142ada\u0107 wnioski o udost\u0119pnienie informacji niedost\u0119pnej oraz sk\u0142ada\u0107 skargi na brak zapewnienia dost\u0119pno\u015bci.<br><br>Ka\u017cdy ma prawo do wyst\u0105pienia z \u017c\u0105daniem zapewnienia dost\u0119pno\u015bci cyfrowej strony internetowej, aplikacji mobilnej lub jakiego\u015b ich elementu. Mo\u017cna tak\u017ce za\u017c\u0105da\u0107 udost\u0119pnienia informacji w formach alternatywnych, na przyk\u0142ad odczytanie niedost\u0119pnego cyfrowo dokumentu, opisania zawarto\u015bci filmu bez audiodeskrypcji itp. \u017b\u0105danie powinno zawiera\u0107 dane osoby zg\u0142aszaj\u0105cej \u017c\u0105danie, wskazanie, o kt\u00f3r\u0105 stron\u0119 internetow\u0105 lub aplikacj\u0119 mobiln\u0105 chodzi oraz spos\u00f3b kontaktu. Je\u017celi osoba \u017c\u0105daj\u0105ca zg\u0142asza potrzeb\u0119 otrzymania informacji w formie alternatywnej, powinna tak\u017ce okre\u015bli\u0107 form\u0119 tej informacji. Podmiot publiczny powinien zrealizowa\u0107 \u017c\u0105danie niezw\u0142ocznie i nie p\u00f3\u017aniej, ni\u017c w ci\u0105gu 7 dni. Je\u017celi dotrzymanie tego terminu nie jest mo\u017cliwe, podmiot publiczny niezw\u0142ocznie informuje o tym, kiedy realizacja \u017c\u0105dania b\u0119dzie mo\u017cliwa, przy czym termin ten nie mo\u017ce by\u0107 d\u0142u\u017cszy ni\u017c 2 miesi\u0105ce. Je\u017celi zapewnienie dost\u0119pno\u015bci nie jest mo\u017cliwe, podmiot publiczny mo\u017ce zaproponowa\u0107 alternatywny spos\u00f3b dost\u0119pu do informacji. W przypadku, gdy podmiot odm\u00f3wi realizacji \u017c\u0105dania zapewnienia dost\u0119pno\u015bci lub alternatywnego dost\u0119pu do informacji, mo\u017cna z\u0142o\u017cy\u0107 skarg\u0119 na takie dzia\u0142anie. Po wyczerpaniu wszystkich mo\u017cliwo\u015bci skarg\u0119 mo\u017cna przes\u0142a\u0107 tak\u017ce do Rzecznika Praw Obywatelskich.<br><br><strong>Dost\u0119pno\u015b\u0107 architektoniczna<\/strong><br><br><strong>Przedszkole Miejskie nr 1 \u201eWeso\u0142y Skrzat\u201d w Markach ul. Pi\u0142sudskiego 77<\/strong><br><br>Do budynku prowadz\u0105 2 wej\u015bcia: g\u0142\u00f3wne od ul. 11listopada i boczne od ty\u0142u budynku przeznaczone dla pracownik\u00f3w i dostawc\u00f3w. U\u017cywane jest tylko wej\u015bcie g\u0142\u00f3wne od ul. 11listopada. Aby wej\u015b\u0107 do budynku nale\u017cy pokona\u0107 schody, kt\u00f3re s\u0105 oznaczone faktur\u0105 i kontrastem. Schody s\u0105 proste, wyposa\u017cone w por\u0119cze. Brak platformy i podno\u015bnika platformowego. Szeroko\u015b\u0107 drzwi pozwala na wjazd w\u00f3zka inwalidzkiego. W przedszkolu znajduje si\u0119 tablica informuj\u0105ca o rozmieszczeniu sal i pomieszcze\u0144. Gabinet dyrektora znajduje si\u0119 na pierwszym pi\u0119trze po prawej stronie. Pracownicy przedszkola udzielaj\u0105 informacji dotycz\u0105cych lokalizacji i godzin pracy gabinetu. Schody na pierwsze pi\u0119tro posiadaj\u0105 por\u0119cze. Brak windy, w\u0105skie korytarze i szeroko\u015b\u0107 drzwi do gabinetu uniemo\u017cliwiaj\u0105 dost\u0119p os\u00f3b poruszaj\u0105cych si\u0119 na w\u00f3zkach. Toaleta dla interesant\u00f3w znajduje si\u0119 na parterze, po lewej stronie od wej\u015bcia. Nie spe\u0142nia standard\u00f3w dost\u0119pno\u015bci dla os\u00f3b na w\u00f3zkach. Przedszkole &nbsp;nie dysponuje miejscami parkingowymi. Do budynku mo\u017cna wej\u015b\u0107 z psem asystuj\u0105cym i psem przewodnikiem. W budynku nie ma p\u0119tli indukcyjnych. W budynku nie ma oznacze\u0144 w alfabecie brajla ani oznacze\u0144 kontrastowych lub w druku powi\u0119kszonym dla os\u00f3b niewidomych i s\u0142abowidz\u0105cych. W przedszkolu istnieje mo\u017cliwo\u015b\u0107 ze skorzystania on-line t\u0142umacza j\u0119zyka migowego .<br><br><strong>Przedszkole Miejskie nr 1 \u201e Weso\u0142y Skrzat\u201d w Markach Filia przy ul. Ok\u00f3lnej 34<\/strong><br><br>1. Przestrzenie komunikacyjne budynku s\u0105 wolne od barier i przeszk\u00f3d poziomych i pionowych<br><br>2. Komunikacja \u2013 dojazd do budynku &nbsp;parking &nbsp;z 1 miejscem dla os\u00f3b niepe\u0142nosprawnych<br><br>3. Komunikacja mi\u0119dzy poziomami bez przeszk\u00f3d \u2013 korytarze-pi\u0119tra, za pomoc\u0105 windy<br><br>4. Dost\u0119p do budynku &nbsp;bez progowy, nawierzchnie i posadzki twarde, g\u0142adkie, kontrastuj\u0105ce.<br><br>5. Informacja wst\u0119pna \u2013 domofon, recepcja, portier<br><br>6. Oznaczenia, napisy, tablice dobrze widoczne, kontrastowa, pastelowa kolorystyka w budynku<br><br>7. W budynku s\u0105 pomieszczenia sanitarne (toalety) przeznaczone dla os\u00f3b niepe\u0142nosprawnych<br><br>8. W budynku znajduje si\u0119 p\u0119tla indukcyjna, istnieje mo\u017cliwo\u015b\u0107 ze skorzystania on-line t\u0142umacza j\u0119zyka migowego.<br><br>9. W budynku s\u0105 udogodnienia dla os\u00f3b niewidomych&nbsp;<br><br><strong>Informacja o dost\u0119pno\u015bci strony internetowej dla u\u017cytkownik\u00f3w z niepe\u0142nosprawno\u015bci\u0105<\/strong><\/p>\n\n\n\n<p>Strona internetowa jest dost\u0119pna dla u\u017cytkownik\u00f3w z niepe\u0142nosprawno\u015bci\u0105 (zawiera narz\u0119dzia u\u0142atwie\u0144 dost\u0119pu).<\/p>\n\n\n\n<p><a href=\"https:\/\/bip.marki.pl\/attachments\/download\/18695\">Raport o stanie zapewnienia dost\u0119pno\u015bci<\/a><\/p>\n\n\n\n<p><a href=\"https:\/\/bip.marki.pl\/attachments\/download\/18696\">Raport o stanie zapewnienia dost\u0119pno\u015bci Filia Przedszkola<\/a><\/p>\n\n\n\n<h2 class=\"wp-block-heading\">Za\u0142\u0105czniki<\/h2>\n\n\n\n<p><a href=\"https:\/\/bip.marki.pl\/attachments\/download\/18695\">Raport o stanie zapewnienia dost\u0119pno\u015bci<\/a><\/p>\n\n\n\n<p><a href=\"https:\/\/bip.marki.pl\/attachments\/download\/18696\">Raport o stanie zapewnienia dost\u0119pno\u015bci Filia Przedszkola<\/a><\/p>\n\n\n\n<p><a href=\"https:\/\/bip.marki.pl\/attachments\/download\/21746\">tekst do odczytu maszynowego<\/a><\/p>\n\n\n\n<p><br><br><\/p>\n","protected":false},"excerpt":{"rendered":"<p>Przedszkole Miejskie nr 1 \u201eWeso\u0142y Skrzat\u201d w Markach zobowi\u0105zuje si\u0119 zapewni\u0107 dost\u0119pno\u015b\u0107 swojej strony internetowej zgodnie z przepisami ustawy z dnia 4 kwietnia 2019 r. o dost\u0119pno\u015bci cyfrowej stron internetowych i aplikacji mobilnych podmiot\u00f3w publicznych. O\u015bwiadczenie w sprawie dost\u0119pno\u015bci ma zastosowanie do strony internetowej&nbsp;www.wesolyskrzat.edu.pl&nbsp; Strona internetowa jest zgodna z ustaw\u0105 o dost\u0119pno\u015bci cyfrowej stron internetowych [&hellip;]<\/p>\n","protected":false},"author":2,"featured_media":0,"parent":0,"menu_order":0,"comment_status":"closed","ping_status":"closed","template":"","meta":{"_mc_calendar":[],"footnotes":""},"class_list":["post-3089","page","type-page","status-publish","hentry"],"yoast_head":"<!-- This site is optimized with the Yoast SEO plugin v18.5.1 - https:\/\/yoast.com\/wordpress\/plugins\/seo\/ -->\n<title>Zapewnienie dost\u0119pno\u015bci - Weso\u0142y Skrzat<\/title>\n<meta name=\"description\" content=\"Przedszkole Miejskie nr 1 \u201eWeso\u0142y Skrzat\u201d w Markach zobowi\u0105zuje si\u0119 zapewni\u0107 dost\u0119pno\u015b\u0107 swojej strony internetowej zgodnie z przepisami ustawy z dnia 4 kwietnia 2019 r. o dost\u0119pno\u015bci cyfrowej stron internetowych i aplikacji mobilnych podmiot\u00f3w publicznych. O\u015bwiadczenie w sprawie dost\u0119pno\u015bci ma zastosowanie do strony internetowej\u00a0www.wesolyskrzat.edu.pl\u00a0\" \/>\n<meta name=\"robots\" content=\"index, follow, max-snippet:-1, max-image-preview:large, max-video-preview:-1\" \/>\n<link rel=\"canonical\" href=\"https:\/\/www.wesolyskrzat.edu.pl\/index.php\/zapewnienie-dostepnosci\/\" \/>\n<meta property=\"og:locale\" content=\"pl_PL\" \/>\n<meta property=\"og:type\" content=\"article\" \/>\n<meta property=\"og:title\" content=\"Zapewnienie dost\u0119pno\u015bci - Weso\u0142y Skrzat\" \/>\n<meta property=\"og:description\" content=\"Przedszkole Miejskie nr 1 \u201eWeso\u0142y Skrzat\u201d w Markach zobowi\u0105zuje si\u0119 zapewni\u0107 dost\u0119pno\u015b\u0107 swojej strony internetowej zgodnie z przepisami ustawy z dnia 4 kwietnia 2019 r. o dost\u0119pno\u015bci cyfrowej stron internetowych i aplikacji mobilnych podmiot\u00f3w publicznych. O\u015bwiadczenie w sprawie dost\u0119pno\u015bci ma zastosowanie do strony internetowej\u00a0www.wesolyskrzat.edu.pl\u00a0\" \/>\n<meta property=\"og:url\" content=\"https:\/\/www.wesolyskrzat.edu.pl\/index.php\/zapewnienie-dostepnosci\/\" \/>\n<meta property=\"og:site_name\" content=\"Weso\u0142y Skrzat\" \/>\n<meta property=\"article:modified_time\" content=\"2024-04-05T16:53:22+00:00\" \/>\n<meta name=\"twitter:card\" content=\"summary_large_image\" \/>\n<meta name=\"twitter:label1\" content=\"Szacowany czas czytania\" \/>\n\t<meta name=\"twitter:data1\" content=\"4 minuty\" \/>\n<script type=\"application\/ld+json\" class=\"yoast-schema-graph\">{\"@context\":\"https:\/\/schema.org\",\"@graph\":[{\"@type\":\"WebSite\",\"@id\":\"https:\/\/www.wesolyskrzat.edu.pl\/#website\",\"url\":\"https:\/\/www.wesolyskrzat.edu.pl\/\",\"name\":\"Weso\u0142y Skrzat\",\"description\":\"Najpi\u0119kniejsze przedszkole w Markach\",\"potentialAction\":[{\"@type\":\"SearchAction\",\"target\":{\"@type\":\"EntryPoint\",\"urlTemplate\":\"https:\/\/www.wesolyskrzat.edu.pl\/?s={search_term_string}\"},\"query-input\":\"required name=search_term_string\"}],\"inLanguage\":\"pl-PL\"},{\"@type\":\"WebPage\",\"@id\":\"https:\/\/www.wesolyskrzat.edu.pl\/index.php\/zapewnienie-dostepnosci\/#webpage\",\"url\":\"https:\/\/www.wesolyskrzat.edu.pl\/index.php\/zapewnienie-dostepnosci\/\",\"name\":\"Zapewnienie dost\u0119pno\u015bci - Weso\u0142y Skrzat\",\"isPartOf\":{\"@id\":\"https:\/\/www.wesolyskrzat.edu.pl\/#website\"},\"datePublished\":\"2024-04-05T16:47:51+00:00\",\"dateModified\":\"2024-04-05T16:53:22+00:00\",\"description\":\"Przedszkole Miejskie nr 1 \u201eWeso\u0142y Skrzat\u201d w Markach zobowi\u0105zuje si\u0119 zapewni\u0107 dost\u0119pno\u015b\u0107 swojej strony internetowej zgodnie z przepisami ustawy z dnia 4 kwietnia 2019 r. o dost\u0119pno\u015bci cyfrowej stron internetowych i aplikacji mobilnych podmiot\u00f3w publicznych. O\u015bwiadczenie w sprawie dost\u0119pno\u015bci ma zastosowanie do strony internetowej\u00a0www.wesolyskrzat.edu.pl\u00a0\",\"breadcrumb\":{\"@id\":\"https:\/\/www.wesolyskrzat.edu.pl\/index.php\/zapewnienie-dostepnosci\/#breadcrumb\"},\"inLanguage\":\"pl-PL\",\"potentialAction\":[{\"@type\":\"ReadAction\",\"target\":[\"https:\/\/www.wesolyskrzat.edu.pl\/index.php\/zapewnienie-dostepnosci\/\"]}]},{\"@type\":\"BreadcrumbList\",\"@id\":\"https:\/\/www.wesolyskrzat.edu.pl\/index.php\/zapewnienie-dostepnosci\/#breadcrumb\",\"itemListElement\":[{\"@type\":\"ListItem\",\"position\":1,\"name\":\"Home\",\"item\":\"https:\/\/www.wesolyskrzat.edu.pl\/\"},{\"@type\":\"ListItem\",\"position\":2,\"name\":\"Zapewnienie dost\u0119pno\u015bci\"}]}]}<\/script>\n<!-- \/ Yoast SEO plugin. -->","yoast_head_json":{"title":"Zapewnienie dost\u0119pno\u015bci - Weso\u0142y Skrzat","description":"Przedszkole Miejskie nr 1 \u201eWeso\u0142y Skrzat\u201d w Markach zobowi\u0105zuje si\u0119 zapewni\u0107 dost\u0119pno\u015b\u0107 swojej strony internetowej zgodnie z przepisami ustawy z dnia 4 kwietnia 2019 r. o dost\u0119pno\u015bci cyfrowej stron internetowych i aplikacji mobilnych podmiot\u00f3w publicznych. O\u015bwiadczenie w sprawie dost\u0119pno\u015bci ma zastosowanie do strony internetowej\u00a0www.wesolyskrzat.edu.pl\u00a0","robots":{"index":"index","follow":"follow","max-snippet":"max-snippet:-1","max-image-preview":"max-image-preview:large","max-video-preview":"max-video-preview:-1"},"canonical":"https:\/\/www.wesolyskrzat.edu.pl\/index.php\/zapewnienie-dostepnosci\/","og_locale":"pl_PL","og_type":"article","og_title":"Zapewnienie dost\u0119pno\u015bci - Weso\u0142y Skrzat","og_description":"Przedszkole Miejskie nr 1 \u201eWeso\u0142y Skrzat\u201d w Markach zobowi\u0105zuje si\u0119 zapewni\u0107 dost\u0119pno\u015b\u0107 swojej strony internetowej zgodnie z przepisami ustawy z dnia 4 kwietnia 2019 r. o dost\u0119pno\u015bci cyfrowej stron internetowych i aplikacji mobilnych podmiot\u00f3w publicznych. O\u015bwiadczenie w sprawie dost\u0119pno\u015bci ma zastosowanie do strony internetowej\u00a0www.wesolyskrzat.edu.pl\u00a0","og_url":"https:\/\/www.wesolyskrzat.edu.pl\/index.php\/zapewnienie-dostepnosci\/","og_site_name":"Weso\u0142y Skrzat","article_modified_time":"2024-04-05T16:53:22+00:00","twitter_card":"summary_large_image","twitter_misc":{"Szacowany czas czytania":"4 minuty"},"schema":{"@context":"https:\/\/schema.org","@graph":[{"@type":"WebSite","@id":"https:\/\/www.wesolyskrzat.edu.pl\/#website","url":"https:\/\/www.wesolyskrzat.edu.pl\/","name":"Weso\u0142y Skrzat","description":"Najpi\u0119kniejsze przedszkole w Markach","potentialAction":[{"@type":"SearchAction","target":{"@type":"EntryPoint","urlTemplate":"https:\/\/www.wesolyskrzat.edu.pl\/?s={search_term_string}"},"query-input":"required name=search_term_string"}],"inLanguage":"pl-PL"},{"@type":"WebPage","@id":"https:\/\/www.wesolyskrzat.edu.pl\/index.php\/zapewnienie-dostepnosci\/#webpage","url":"https:\/\/www.wesolyskrzat.edu.pl\/index.php\/zapewnienie-dostepnosci\/","name":"Zapewnienie dost\u0119pno\u015bci - Weso\u0142y Skrzat","isPartOf":{"@id":"https:\/\/www.wesolyskrzat.edu.pl\/#website"},"datePublished":"2024-04-05T16:47:51+00:00","dateModified":"2024-04-05T16:53:22+00:00","description":"Przedszkole Miejskie nr 1 \u201eWeso\u0142y Skrzat\u201d w Markach zobowi\u0105zuje si\u0119 zapewni\u0107 dost\u0119pno\u015b\u0107 swojej strony internetowej zgodnie z przepisami ustawy z dnia 4 kwietnia 2019 r. o dost\u0119pno\u015bci cyfrowej stron internetowych i aplikacji mobilnych podmiot\u00f3w publicznych. O\u015bwiadczenie w sprawie dost\u0119pno\u015bci ma zastosowanie do strony internetowej\u00a0www.wesolyskrzat.edu.pl\u00a0","breadcrumb":{"@id":"https:\/\/www.wesolyskrzat.edu.pl\/index.php\/zapewnienie-dostepnosci\/#breadcrumb"},"inLanguage":"pl-PL","potentialAction":[{"@type":"ReadAction","target":["https:\/\/www.wesolyskrzat.edu.pl\/index.php\/zapewnienie-dostepnosci\/"]}]},{"@type":"BreadcrumbList","@id":"https:\/\/www.wesolyskrzat.edu.pl\/index.php\/zapewnienie-dostepnosci\/#breadcrumb","itemListElement":[{"@type":"ListItem","position":1,"name":"Home","item":"https:\/\/www.wesolyskrzat.edu.pl\/"},{"@type":"ListItem","position":2,"name":"Zapewnienie dost\u0119pno\u015bci"}]}]}},"_links":{"self":[{"href":"https:\/\/www.wesolyskrzat.edu.pl\/index.php\/wp-json\/wp\/v2\/pages\/3089","targetHints":{"allow":["GET"]}}],"collection":[{"href":"https:\/\/www.wesolyskrzat.edu.pl\/index.php\/wp-json\/wp\/v2\/pages"}],"about":[{"href":"https:\/\/www.wesolyskrzat.edu.pl\/index.php\/wp-json\/wp\/v2\/types\/page"}],"author":[{"embeddable":true,"href":"https:\/\/www.wesolyskrzat.edu.pl\/index.php\/wp-json\/wp\/v2\/users\/2"}],"replies":[{"embeddable":true,"href":"https:\/\/www.wesolyskrzat.edu.pl\/index.php\/wp-json\/wp\/v2\/comments?post=3089"}],"version-history":[{"count":4,"href":"https:\/\/www.wesolyskrzat.edu.pl\/index.php\/wp-json\/wp\/v2\/pages\/3089\/revisions"}],"predecessor-version":[{"id":3095,"href":"https:\/\/www.wesolyskrzat.edu.pl\/index.php\/wp-json\/wp\/v2\/pages\/3089\/revisions\/3095"}],"wp:attachment":[{"href":"https:\/\/www.wesolyskrzat.edu.pl\/index.php\/wp-json\/wp\/v2\/media?parent=3089"}],"curies":[{"name":"wp","href":"https:\/\/api.w.org\/{rel}","templated":true}]}}