{"id":1680,"date":"2023-09-20T20:34:41","date_gmt":"2023-09-20T18:34:41","guid":{"rendered":"http:\/\/logos.home.pl\/autoinstalator\/wordpressplugins4\/?page_id=1680"},"modified":"2023-09-20T20:34:55","modified_gmt":"2023-09-20T18:34:55","slug":"wyprawka-przedszkolaka","status":"publish","type":"page","link":"https:\/\/www.wesolyskrzat.edu.pl\/index.php\/wyprawka-przedszkolaka\/","title":{"rendered":"Wyprawka przedszkolaka"},"content":{"rendered":"\n<p><\/p>\n\n\n\n<ul class=\"wp-block-list\">\n<li>kapcie (podpisane na podeszwie)<\/li>\n<\/ul>\n\n\n\n<ul class=\"wp-block-list\">\n<li>kubek plastikowy do picia wody w sali<\/li>\n<\/ul>\n\n\n\n<ul class=\"wp-block-list\">\n<li>r\u0119czniki papierowe<\/li>\n<\/ul>\n\n\n\n<ul class=\"wp-block-list\">\n<li>worek (taki jak na kapcie do szko\u0142y) a w nim min. 2 zmiany ubra\u0144 na przebranie (mog\u0105 by\u0107 gorszej jako\u015bci)<\/li>\n<\/ul>\n\n\n\n<ul class=\"wp-block-list\">\n<li>chusteczki do nosa w papierowym kartoniku x 2<\/li>\n<\/ul>\n\n\n\n<ul class=\"wp-block-list\">\n<li>mokre chusteczki x 2<\/li>\n<\/ul>\n\n\n\n<p><strong>Grupy 3-4 letnie:<\/strong><\/p>\n\n\n\n<ul class=\"wp-block-list\">\n<li>cienki koc, poduszka (dzieci le\u017cakowa\u0107 b\u0119d\u0105 w ubraniach bez przebierania)<\/li>\n<\/ul>\n\n\n\n<p>Bardzo prosimy o wyra\u017ane i widoczne podpisanie wszystkich wy\u017cej wymienionych rzeczy!!!<\/p>\n","protected":false},"excerpt":{"rendered":"<p>Grupy 3-4 letnie: Bardzo prosimy o wyra\u017ane i widoczne podpisanie wszystkich wy\u017cej wymienionych rzeczy!!!<\/p>\n","protected":false},"author":1,"featured_media":0,"parent":0,"menu_order":0,"comment_status":"closed","ping_status":"closed","template":"","meta":{"_mc_calendar":[],"footnotes":""},"class_list":["post-1680","page","type-page","status-publish","hentry"],"yoast_head":"<!-- This site is optimized with the Yoast SEO plugin v18.5.1 - https:\/\/yoast.com\/wordpress\/plugins\/seo\/ -->\n<title>Wyprawka przedszkolaka - Weso\u0142y Skrzat<\/title>\n<meta name=\"robots\" content=\"index, follow, max-snippet:-1, max-image-preview:large, max-video-preview:-1\" \/>\n<link rel=\"canonical\" href=\"https:\/\/www.wesolyskrzat.edu.pl\/index.php\/wyprawka-przedszkolaka\/\" \/>\n<meta property=\"og:locale\" content=\"pl_PL\" \/>\n<meta property=\"og:type\" content=\"article\" \/>\n<meta property=\"og:title\" content=\"Wyprawka przedszkolaka - Weso\u0142y Skrzat\" \/>\n<meta property=\"og:description\" content=\"Grupy 3-4 letnie: Bardzo prosimy o wyra\u017ane i widoczne podpisanie wszystkich wy\u017cej wymienionych rzeczy!!!\" \/>\n<meta property=\"og:url\" content=\"https:\/\/www.wesolyskrzat.edu.pl\/index.php\/wyprawka-przedszkolaka\/\" \/>\n<meta property=\"og:site_name\" content=\"Weso\u0142y Skrzat\" \/>\n<meta property=\"article:modified_time\" content=\"2023-09-20T18:34:55+00:00\" \/>\n<meta name=\"twitter:card\" content=\"summary_large_image\" \/>\n<script type=\"application\/ld+json\" class=\"yoast-schema-graph\">{\"@context\":\"https:\/\/schema.org\",\"@graph\":[{\"@type\":\"WebSite\",\"@id\":\"https:\/\/www.wesolyskrzat.edu.pl\/#website\",\"url\":\"https:\/\/www.wesolyskrzat.edu.pl\/\",\"name\":\"Weso\u0142y Skrzat\",\"description\":\"Najpi\u0119kniejsze przedszkole w Markach\",\"potentialAction\":[{\"@type\":\"SearchAction\",\"target\":{\"@type\":\"EntryPoint\",\"urlTemplate\":\"https:\/\/www.wesolyskrzat.edu.pl\/?s={search_term_string}\"},\"query-input\":\"required name=search_term_string\"}],\"inLanguage\":\"pl-PL\"},{\"@type\":\"WebPage\",\"@id\":\"https:\/\/www.wesolyskrzat.edu.pl\/index.php\/wyprawka-przedszkolaka\/#webpage\",\"url\":\"https:\/\/www.wesolyskrzat.edu.pl\/index.php\/wyprawka-przedszkolaka\/\",\"name\":\"Wyprawka przedszkolaka - Weso\u0142y Skrzat\",\"isPartOf\":{\"@id\":\"https:\/\/www.wesolyskrzat.edu.pl\/#website\"},\"datePublished\":\"2023-09-20T18:34:41+00:00\",\"dateModified\":\"2023-09-20T18:34:55+00:00\",\"breadcrumb\":{\"@id\":\"https:\/\/www.wesolyskrzat.edu.pl\/index.php\/wyprawka-przedszkolaka\/#breadcrumb\"},\"inLanguage\":\"pl-PL\",\"potentialAction\":[{\"@type\":\"ReadAction\",\"target\":[\"https:\/\/www.wesolyskrzat.edu.pl\/index.php\/wyprawka-przedszkolaka\/\"]}]},{\"@type\":\"BreadcrumbList\",\"@id\":\"https:\/\/www.wesolyskrzat.edu.pl\/index.php\/wyprawka-przedszkolaka\/#breadcrumb\",\"itemListElement\":[{\"@type\":\"ListItem\",\"position\":1,\"name\":\"Home\",\"item\":\"https:\/\/www.wesolyskrzat.edu.pl\/\"},{\"@type\":\"ListItem\",\"position\":2,\"name\":\"Wyprawka przedszkolaka\"}]}]}<\/script>\n<!-- \/ Yoast SEO plugin. -->","yoast_head_json":{"title":"Wyprawka przedszkolaka - Weso\u0142y Skrzat","robots":{"index":"index","follow":"follow","max-snippet":"max-snippet:-1","max-image-preview":"max-image-preview:large","max-video-preview":"max-video-preview:-1"},"canonical":"https:\/\/www.wesolyskrzat.edu.pl\/index.php\/wyprawka-przedszkolaka\/","og_locale":"pl_PL","og_type":"article","og_title":"Wyprawka przedszkolaka - Weso\u0142y Skrzat","og_description":"Grupy 3-4 letnie: Bardzo prosimy o wyra\u017ane i widoczne podpisanie wszystkich wy\u017cej wymienionych rzeczy!!!","og_url":"https:\/\/www.wesolyskrzat.edu.pl\/index.php\/wyprawka-przedszkolaka\/","og_site_name":"Weso\u0142y Skrzat","article_modified_time":"2023-09-20T18:34:55+00:00","twitter_card":"summary_large_image","schema":{"@context":"https:\/\/schema.org","@graph":[{"@type":"WebSite","@id":"https:\/\/www.wesolyskrzat.edu.pl\/#website","url":"https:\/\/www.wesolyskrzat.edu.pl\/","name":"Weso\u0142y Skrzat","description":"Najpi\u0119kniejsze przedszkole w Markach","potentialAction":[{"@type":"SearchAction","target":{"@type":"EntryPoint","urlTemplate":"https:\/\/www.wesolyskrzat.edu.pl\/?s={search_term_string}"},"query-input":"required name=search_term_string"}],"inLanguage":"pl-PL"},{"@type":"WebPage","@id":"https:\/\/www.wesolyskrzat.edu.pl\/index.php\/wyprawka-przedszkolaka\/#webpage","url":"https:\/\/www.wesolyskrzat.edu.pl\/index.php\/wyprawka-przedszkolaka\/","name":"Wyprawka przedszkolaka - Weso\u0142y Skrzat","isPartOf":{"@id":"https:\/\/www.wesolyskrzat.edu.pl\/#website"},"datePublished":"2023-09-20T18:34:41+00:00","dateModified":"2023-09-20T18:34:55+00:00","breadcrumb":{"@id":"https:\/\/www.wesolyskrzat.edu.pl\/index.php\/wyprawka-przedszkolaka\/#breadcrumb"},"inLanguage":"pl-PL","potentialAction":[{"@type":"ReadAction","target":["https:\/\/www.wesolyskrzat.edu.pl\/index.php\/wyprawka-przedszkolaka\/"]}]},{"@type":"BreadcrumbList","@id":"https:\/\/www.wesolyskrzat.edu.pl\/index.php\/wyprawka-przedszkolaka\/#breadcrumb","itemListElement":[{"@type":"ListItem","position":1,"name":"Home","item":"https:\/\/www.wesolyskrzat.edu.pl\/"},{"@type":"ListItem","position":2,"name":"Wyprawka przedszkolaka"}]}]}},"_links":{"self":[{"href":"https:\/\/www.wesolyskrzat.edu.pl\/index.php\/wp-json\/wp\/v2\/pages\/1680","targetHints":{"allow":["GET"]}}],"collection":[{"href":"https:\/\/www.wesolyskrzat.edu.pl\/index.php\/wp-json\/wp\/v2\/pages"}],"about":[{"href":"https:\/\/www.wesolyskrzat.edu.pl\/index.php\/wp-json\/wp\/v2\/types\/page"}],"author":[{"embeddable":true,"href":"https:\/\/www.wesolyskrzat.edu.pl\/index.php\/wp-json\/wp\/v2\/users\/1"}],"replies":[{"embeddable":true,"href":"https:\/\/www.wesolyskrzat.edu.pl\/index.php\/wp-json\/wp\/v2\/comments?post=1680"}],"version-history":[{"count":1,"href":"https:\/\/www.wesolyskrzat.edu.pl\/index.php\/wp-json\/wp\/v2\/pages\/1680\/revisions"}],"predecessor-version":[{"id":1681,"href":"https:\/\/www.wesolyskrzat.edu.pl\/index.php\/wp-json\/wp\/v2\/pages\/1680\/revisions\/1681"}],"wp:attachment":[{"href":"https:\/\/www.wesolyskrzat.edu.pl\/index.php\/wp-json\/wp\/v2\/media?parent=1680"}],"curies":[{"name":"wp","href":"https:\/\/api.w.org\/{rel}","templated":true}]}}