{"id":1577,"date":"2023-09-11T17:18:11","date_gmt":"2023-09-11T15:18:11","guid":{"rendered":"http:\/\/logos.home.pl\/autoinstalator\/wordpressplugins4\/?page_id=1577"},"modified":"2023-09-11T17:18:57","modified_gmt":"2023-09-11T15:18:57","slug":"oplaty-za-przedszkole","status":"publish","type":"page","link":"https:\/\/www.wesolyskrzat.edu.pl\/index.php\/oplaty-za-przedszkole\/","title":{"rendered":"Op\u0142aty za przedszkole"},"content":{"rendered":"\n<h3 class=\"wp-block-heading\">Op\u0142aty za wy\u017cywienie prosimy wp\u0142aca\u0107 na konto:<\/h3>\n\n\n\n<p>98 8015 0004 0220 5492 2021 0104<\/p>\n\n\n\n<h3 class=\"wp-block-heading\">Op\u0142aty za pobyt prosimy wp\u0142aca\u0107 na konto:<\/h3>\n\n\n\n<p>28 8015 0004 0220 5492 2021 0103<\/p>\n\n\n\n<h3 class=\"wp-block-heading\">Op\u0142aty nale\u017cy dokona\u0107 do 10 dnia bie\u017c\u0105cego miesi\u0105ca.<\/h3>\n\n\n\n<p>Dane do przelewu:<\/p>\n\n\n\n<p>Przedszkole Miejskie Nr 1<\/p>\n\n\n\n<p>Marki, ul. Pi\u0142sudskiego 77<\/p>\n\n\n\n<p>Tytu\u0142 wp\u0142aty: Imi\u0119 i nazwisko dziecka; nazwa grupy<\/p>\n\n\n\n<h3 class=\"wp-block-heading\">Zadeklarowan\u0105 kwot\u0119 na rad\u0119 rodzic\u00f3w prosimy wp\u0142aca\u0107 na konto:<\/h3>\n\n\n\n<p>30 1240 1082 1111 0010 5988 6089<\/p>\n","protected":false},"excerpt":{"rendered":"<p>Op\u0142aty za wy\u017cywienie prosimy wp\u0142aca\u0107 na konto: 98 8015 0004 0220 5492 2021 0104 Op\u0142aty za pobyt prosimy wp\u0142aca\u0107 na konto: 28 8015 0004 0220 5492 2021 0103 Op\u0142aty nale\u017cy dokona\u0107 do 10 dnia bie\u017c\u0105cego miesi\u0105ca. Dane do przelewu: Przedszkole Miejskie Nr 1 Marki, ul. Pi\u0142sudskiego 77 Tytu\u0142 wp\u0142aty: Imi\u0119 i nazwisko dziecka; nazwa grupy [&hellip;]<\/p>\n","protected":false},"author":2,"featured_media":0,"parent":0,"menu_order":0,"comment_status":"closed","ping_status":"closed","template":"","meta":{"_mc_calendar":[],"footnotes":""},"class_list":["post-1577","page","type-page","status-publish","hentry"],"yoast_head":"<!-- This site is optimized with the Yoast SEO plugin v18.5.1 - https:\/\/yoast.com\/wordpress\/plugins\/seo\/ -->\n<title>Op\u0142aty za przedszkole - Weso\u0142y Skrzat<\/title>\n<meta name=\"robots\" content=\"index, follow, max-snippet:-1, max-image-preview:large, max-video-preview:-1\" \/>\n<link rel=\"canonical\" href=\"https:\/\/www.wesolyskrzat.edu.pl\/index.php\/oplaty-za-przedszkole\/\" \/>\n<meta property=\"og:locale\" content=\"pl_PL\" \/>\n<meta property=\"og:type\" content=\"article\" \/>\n<meta property=\"og:title\" content=\"Op\u0142aty za przedszkole - Weso\u0142y Skrzat\" \/>\n<meta property=\"og:description\" content=\"Op\u0142aty za wy\u017cywienie prosimy wp\u0142aca\u0107 na konto: 98 8015 0004 0220 5492 2021 0104 Op\u0142aty za pobyt prosimy wp\u0142aca\u0107 na konto: 28 8015 0004 0220 5492 2021 0103 Op\u0142aty nale\u017cy dokona\u0107 do 10 dnia bie\u017c\u0105cego miesi\u0105ca. Dane do przelewu: Przedszkole Miejskie Nr 1 Marki, ul. Pi\u0142sudskiego 77 Tytu\u0142 wp\u0142aty: Imi\u0119 i nazwisko dziecka; nazwa grupy [&hellip;]\" \/>\n<meta property=\"og:url\" content=\"https:\/\/www.wesolyskrzat.edu.pl\/index.php\/oplaty-za-przedszkole\/\" \/>\n<meta property=\"og:site_name\" content=\"Weso\u0142y Skrzat\" \/>\n<meta property=\"article:modified_time\" content=\"2023-09-11T15:18:57+00:00\" \/>\n<meta name=\"twitter:card\" content=\"summary_large_image\" \/>\n<script type=\"application\/ld+json\" class=\"yoast-schema-graph\">{\"@context\":\"https:\/\/schema.org\",\"@graph\":[{\"@type\":\"WebSite\",\"@id\":\"https:\/\/www.wesolyskrzat.edu.pl\/#website\",\"url\":\"https:\/\/www.wesolyskrzat.edu.pl\/\",\"name\":\"Weso\u0142y Skrzat\",\"description\":\"Najpi\u0119kniejsze przedszkole w Markach\",\"potentialAction\":[{\"@type\":\"SearchAction\",\"target\":{\"@type\":\"EntryPoint\",\"urlTemplate\":\"https:\/\/www.wesolyskrzat.edu.pl\/?s={search_term_string}\"},\"query-input\":\"required name=search_term_string\"}],\"inLanguage\":\"pl-PL\"},{\"@type\":\"WebPage\",\"@id\":\"https:\/\/www.wesolyskrzat.edu.pl\/index.php\/oplaty-za-przedszkole\/#webpage\",\"url\":\"https:\/\/www.wesolyskrzat.edu.pl\/index.php\/oplaty-za-przedszkole\/\",\"name\":\"Op\u0142aty za przedszkole - Weso\u0142y Skrzat\",\"isPartOf\":{\"@id\":\"https:\/\/www.wesolyskrzat.edu.pl\/#website\"},\"datePublished\":\"2023-09-11T15:18:11+00:00\",\"dateModified\":\"2023-09-11T15:18:57+00:00\",\"breadcrumb\":{\"@id\":\"https:\/\/www.wesolyskrzat.edu.pl\/index.php\/oplaty-za-przedszkole\/#breadcrumb\"},\"inLanguage\":\"pl-PL\",\"potentialAction\":[{\"@type\":\"ReadAction\",\"target\":[\"https:\/\/www.wesolyskrzat.edu.pl\/index.php\/oplaty-za-przedszkole\/\"]}]},{\"@type\":\"BreadcrumbList\",\"@id\":\"https:\/\/www.wesolyskrzat.edu.pl\/index.php\/oplaty-za-przedszkole\/#breadcrumb\",\"itemListElement\":[{\"@type\":\"ListItem\",\"position\":1,\"name\":\"Home\",\"item\":\"https:\/\/www.wesolyskrzat.edu.pl\/\"},{\"@type\":\"ListItem\",\"position\":2,\"name\":\"Op\u0142aty za przedszkole\"}]}]}<\/script>\n<!-- \/ Yoast SEO plugin. -->","yoast_head_json":{"title":"Op\u0142aty za przedszkole - Weso\u0142y Skrzat","robots":{"index":"index","follow":"follow","max-snippet":"max-snippet:-1","max-image-preview":"max-image-preview:large","max-video-preview":"max-video-preview:-1"},"canonical":"https:\/\/www.wesolyskrzat.edu.pl\/index.php\/oplaty-za-przedszkole\/","og_locale":"pl_PL","og_type":"article","og_title":"Op\u0142aty za przedszkole - Weso\u0142y Skrzat","og_description":"Op\u0142aty za wy\u017cywienie prosimy wp\u0142aca\u0107 na konto: 98 8015 0004 0220 5492 2021 0104 Op\u0142aty za pobyt prosimy wp\u0142aca\u0107 na konto: 28 8015 0004 0220 5492 2021 0103 Op\u0142aty nale\u017cy dokona\u0107 do 10 dnia bie\u017c\u0105cego miesi\u0105ca. Dane do przelewu: Przedszkole Miejskie Nr 1 Marki, ul. Pi\u0142sudskiego 77 Tytu\u0142 wp\u0142aty: Imi\u0119 i nazwisko dziecka; nazwa grupy [&hellip;]","og_url":"https:\/\/www.wesolyskrzat.edu.pl\/index.php\/oplaty-za-przedszkole\/","og_site_name":"Weso\u0142y Skrzat","article_modified_time":"2023-09-11T15:18:57+00:00","twitter_card":"summary_large_image","schema":{"@context":"https:\/\/schema.org","@graph":[{"@type":"WebSite","@id":"https:\/\/www.wesolyskrzat.edu.pl\/#website","url":"https:\/\/www.wesolyskrzat.edu.pl\/","name":"Weso\u0142y Skrzat","description":"Najpi\u0119kniejsze przedszkole w Markach","potentialAction":[{"@type":"SearchAction","target":{"@type":"EntryPoint","urlTemplate":"https:\/\/www.wesolyskrzat.edu.pl\/?s={search_term_string}"},"query-input":"required name=search_term_string"}],"inLanguage":"pl-PL"},{"@type":"WebPage","@id":"https:\/\/www.wesolyskrzat.edu.pl\/index.php\/oplaty-za-przedszkole\/#webpage","url":"https:\/\/www.wesolyskrzat.edu.pl\/index.php\/oplaty-za-przedszkole\/","name":"Op\u0142aty za przedszkole - Weso\u0142y Skrzat","isPartOf":{"@id":"https:\/\/www.wesolyskrzat.edu.pl\/#website"},"datePublished":"2023-09-11T15:18:11+00:00","dateModified":"2023-09-11T15:18:57+00:00","breadcrumb":{"@id":"https:\/\/www.wesolyskrzat.edu.pl\/index.php\/oplaty-za-przedszkole\/#breadcrumb"},"inLanguage":"pl-PL","potentialAction":[{"@type":"ReadAction","target":["https:\/\/www.wesolyskrzat.edu.pl\/index.php\/oplaty-za-przedszkole\/"]}]},{"@type":"BreadcrumbList","@id":"https:\/\/www.wesolyskrzat.edu.pl\/index.php\/oplaty-za-przedszkole\/#breadcrumb","itemListElement":[{"@type":"ListItem","position":1,"name":"Home","item":"https:\/\/www.wesolyskrzat.edu.pl\/"},{"@type":"ListItem","position":2,"name":"Op\u0142aty za przedszkole"}]}]}},"_links":{"self":[{"href":"https:\/\/www.wesolyskrzat.edu.pl\/index.php\/wp-json\/wp\/v2\/pages\/1577","targetHints":{"allow":["GET"]}}],"collection":[{"href":"https:\/\/www.wesolyskrzat.edu.pl\/index.php\/wp-json\/wp\/v2\/pages"}],"about":[{"href":"https:\/\/www.wesolyskrzat.edu.pl\/index.php\/wp-json\/wp\/v2\/types\/page"}],"author":[{"embeddable":true,"href":"https:\/\/www.wesolyskrzat.edu.pl\/index.php\/wp-json\/wp\/v2\/users\/2"}],"replies":[{"embeddable":true,"href":"https:\/\/www.wesolyskrzat.edu.pl\/index.php\/wp-json\/wp\/v2\/comments?post=1577"}],"version-history":[{"count":1,"href":"https:\/\/www.wesolyskrzat.edu.pl\/index.php\/wp-json\/wp\/v2\/pages\/1577\/revisions"}],"predecessor-version":[{"id":1578,"href":"https:\/\/www.wesolyskrzat.edu.pl\/index.php\/wp-json\/wp\/v2\/pages\/1577\/revisions\/1578"}],"wp:attachment":[{"href":"https:\/\/www.wesolyskrzat.edu.pl\/index.php\/wp-json\/wp\/v2\/media?parent=1577"}],"curies":[{"name":"wp","href":"https:\/\/api.w.org\/{rel}","templated":true}]}}