{"id":1189,"date":"2022-04-12T14:44:10","date_gmt":"2022-04-12T12:44:10","guid":{"rendered":"http:\/\/logos.home.pl\/autoinstalator\/wordpressplugins4\/?page_id=1189"},"modified":"2023-10-01T22:53:54","modified_gmt":"2023-10-01T20:53:54","slug":"o-nas","status":"publish","type":"page","link":"https:\/\/www.wesolyskrzat.edu.pl\/index.php\/o-nas\/","title":{"rendered":"O nas"},"content":{"rendered":"\n<h3 class=\"wp-block-heading\"><strong>Przedszkole w Markach mo\u017ce si\u0119 poszczyci\u0107 ponad sze\u015b\u0107dziesi\u0119cioletni\u0105 tradycj\u0105. <\/strong> <strong>Powsta\u0142o jako plac\u00f3wka Caritas w 1946 roku i mie\u015bci\u0142o si\u0119 w obecnym Domu Katolickim.<\/strong><br><\/h3>\n\n\n\n<p>Funkcj\u0119 kierownika w latach 1946 \u2013 1952 pe\u0142ni\u0142a pani Stanis\u0142awa Cynarska.<br><\/p>\n\n\n\n<p>W latach 1952 &#8211; 1972 kierownikiem by\u0142a pani Aniela J\u0119drzejewska.<br><\/p>\n\n\n\n<p>A od 1973 do 2004 roku dyrektorem przedszkola by\u0142a pani Danuta Abramowicz. Od 2004 roku dyrektorem jest Hanna D\u0105browska.<br><\/p>\n\n\n\n<p>W 1973 roku przedszkole zosta\u0142o przeniesione do obecnego budynku, kt\u00f3ry zosta\u0142 poddany rozbudowie po dawnej Szkole Podstawowej Nr 1.<br><\/p>\n\n\n\n<p>W roku 2005 Przedszkolu Miejskiemu Nr 1w Markach zosta\u0142o nadane imi\u0119 \u201eWeso\u0142y Skrzat\u201d a w 2006 roku uroczy\u015bcie obchodzili\u015bmy 60-lecie istnienia plac\u00f3wki.<br><\/p>\n\n\n\n<p>Budynek przedszkola przy Alei J\u00f3zefa Pi\u0142sudskiego 77 zlokalizowany jest przy g\u0142\u00f3wnej trasie, co wp\u0142ywa korzystnie na zainteresowanie Rodzic\u00f3w bo tu krzy\u017cuj\u0105 si\u0119 wszelkie szlaki komunikacyjne, ale ogromny ha\u0142as i zanieczyszczenie \u015brodowiska powoduj\u0105 dyskomfort pracy i sp\u0119dzenia czasu na wolnym powietrzu.<br><\/p>\n\n\n\n<p>W 2012 roku zosta\u0142a przeprowadzona kompleksowa termomodernizacja budynku, w wyniku kt\u00f3rej Przedszkole zyska\u0142o now\u0105 kolorow\u0105 elewacj\u0119.<br>Bardzo mi\u0142o go\u015bci\u0107 nam w swych murach ma\u0142ych przedszkolak\u00f3w, zawsze z rado\u015bci\u0105 witamy absolwent\u00f3w przedszkola, kt\u00f3rzy przyprowadzaj\u0105 do nas kolejne pokolenie swoich dzieci oraz wnuk\u00f3w. Zapraszamy!<\/p>\n","protected":false},"excerpt":{"rendered":"<p>Przedszkole w Markach mo\u017ce si\u0119 poszczyci\u0107 ponad sze\u015b\u0107dziesi\u0119cioletni\u0105 tradycj\u0105. Powsta\u0142o jako plac\u00f3wka Caritas w 1946 roku i mie\u015bci\u0142o si\u0119 w obecnym Domu Katolickim. Funkcj\u0119 kierownika w latach 1946 \u2013 1952 pe\u0142ni\u0142a pani Stanis\u0142awa Cynarska. W latach 1952 &#8211; 1972 kierownikiem by\u0142a pani Aniela J\u0119drzejewska. A od 1973 do 2004 roku dyrektorem przedszkola by\u0142a pani Danuta [&hellip;]<\/p>\n","protected":false},"author":1,"featured_media":0,"parent":0,"menu_order":0,"comment_status":"closed","ping_status":"closed","template":"","meta":{"_mc_calendar":[],"footnotes":""},"class_list":["post-1189","page","type-page","status-publish","hentry"],"yoast_head":"<!-- This site is optimized with the Yoast SEO plugin v18.5.1 - https:\/\/yoast.com\/wordpress\/plugins\/seo\/ -->\n<title>O nas - Weso\u0142y Skrzat<\/title>\n<meta name=\"robots\" content=\"index, follow, max-snippet:-1, max-image-preview:large, max-video-preview:-1\" \/>\n<link rel=\"canonical\" href=\"https:\/\/www.wesolyskrzat.edu.pl\/index.php\/o-nas\/\" \/>\n<meta property=\"og:locale\" content=\"pl_PL\" \/>\n<meta property=\"og:type\" content=\"article\" \/>\n<meta property=\"og:title\" content=\"O nas - Weso\u0142y Skrzat\" \/>\n<meta property=\"og:description\" content=\"Przedszkole w Markach mo\u017ce si\u0119 poszczyci\u0107 ponad sze\u015b\u0107dziesi\u0119cioletni\u0105 tradycj\u0105. Powsta\u0142o jako plac\u00f3wka Caritas w 1946 roku i mie\u015bci\u0142o si\u0119 w obecnym Domu Katolickim. Funkcj\u0119 kierownika w latach 1946 \u2013 1952 pe\u0142ni\u0142a pani Stanis\u0142awa Cynarska. W latach 1952 &#8211; 1972 kierownikiem by\u0142a pani Aniela J\u0119drzejewska. A od 1973 do 2004 roku dyrektorem przedszkola by\u0142a pani Danuta [&hellip;]\" \/>\n<meta property=\"og:url\" content=\"https:\/\/www.wesolyskrzat.edu.pl\/index.php\/o-nas\/\" \/>\n<meta property=\"og:site_name\" content=\"Weso\u0142y Skrzat\" \/>\n<meta property=\"article:modified_time\" content=\"2023-10-01T20:53:54+00:00\" \/>\n<meta name=\"twitter:card\" content=\"summary_large_image\" \/>\n<meta name=\"twitter:label1\" content=\"Szacowany czas czytania\" \/>\n\t<meta name=\"twitter:data1\" content=\"2 minuty\" \/>\n<script type=\"application\/ld+json\" class=\"yoast-schema-graph\">{\"@context\":\"https:\/\/schema.org\",\"@graph\":[{\"@type\":\"WebSite\",\"@id\":\"https:\/\/www.wesolyskrzat.edu.pl\/#website\",\"url\":\"https:\/\/www.wesolyskrzat.edu.pl\/\",\"name\":\"Weso\u0142y Skrzat\",\"description\":\"Najpi\u0119kniejsze przedszkole w Markach\",\"potentialAction\":[{\"@type\":\"SearchAction\",\"target\":{\"@type\":\"EntryPoint\",\"urlTemplate\":\"https:\/\/www.wesolyskrzat.edu.pl\/?s={search_term_string}\"},\"query-input\":\"required name=search_term_string\"}],\"inLanguage\":\"pl-PL\"},{\"@type\":\"WebPage\",\"@id\":\"https:\/\/www.wesolyskrzat.edu.pl\/index.php\/o-nas\/#webpage\",\"url\":\"https:\/\/www.wesolyskrzat.edu.pl\/index.php\/o-nas\/\",\"name\":\"O nas - Weso\u0142y Skrzat\",\"isPartOf\":{\"@id\":\"https:\/\/www.wesolyskrzat.edu.pl\/#website\"},\"datePublished\":\"2022-04-12T12:44:10+00:00\",\"dateModified\":\"2023-10-01T20:53:54+00:00\",\"breadcrumb\":{\"@id\":\"https:\/\/www.wesolyskrzat.edu.pl\/index.php\/o-nas\/#breadcrumb\"},\"inLanguage\":\"pl-PL\",\"potentialAction\":[{\"@type\":\"ReadAction\",\"target\":[\"https:\/\/www.wesolyskrzat.edu.pl\/index.php\/o-nas\/\"]}]},{\"@type\":\"BreadcrumbList\",\"@id\":\"https:\/\/www.wesolyskrzat.edu.pl\/index.php\/o-nas\/#breadcrumb\",\"itemListElement\":[{\"@type\":\"ListItem\",\"position\":1,\"name\":\"Home\",\"item\":\"https:\/\/www.wesolyskrzat.edu.pl\/\"},{\"@type\":\"ListItem\",\"position\":2,\"name\":\"O nas\"}]}]}<\/script>\n<!-- \/ Yoast SEO plugin. -->","yoast_head_json":{"title":"O nas - Weso\u0142y Skrzat","robots":{"index":"index","follow":"follow","max-snippet":"max-snippet:-1","max-image-preview":"max-image-preview:large","max-video-preview":"max-video-preview:-1"},"canonical":"https:\/\/www.wesolyskrzat.edu.pl\/index.php\/o-nas\/","og_locale":"pl_PL","og_type":"article","og_title":"O nas - Weso\u0142y Skrzat","og_description":"Przedszkole w Markach mo\u017ce si\u0119 poszczyci\u0107 ponad sze\u015b\u0107dziesi\u0119cioletni\u0105 tradycj\u0105. Powsta\u0142o jako plac\u00f3wka Caritas w 1946 roku i mie\u015bci\u0142o si\u0119 w obecnym Domu Katolickim. Funkcj\u0119 kierownika w latach 1946 \u2013 1952 pe\u0142ni\u0142a pani Stanis\u0142awa Cynarska. W latach 1952 &#8211; 1972 kierownikiem by\u0142a pani Aniela J\u0119drzejewska. A od 1973 do 2004 roku dyrektorem przedszkola by\u0142a pani Danuta [&hellip;]","og_url":"https:\/\/www.wesolyskrzat.edu.pl\/index.php\/o-nas\/","og_site_name":"Weso\u0142y Skrzat","article_modified_time":"2023-10-01T20:53:54+00:00","twitter_card":"summary_large_image","twitter_misc":{"Szacowany czas czytania":"2 minuty"},"schema":{"@context":"https:\/\/schema.org","@graph":[{"@type":"WebSite","@id":"https:\/\/www.wesolyskrzat.edu.pl\/#website","url":"https:\/\/www.wesolyskrzat.edu.pl\/","name":"Weso\u0142y Skrzat","description":"Najpi\u0119kniejsze przedszkole w Markach","potentialAction":[{"@type":"SearchAction","target":{"@type":"EntryPoint","urlTemplate":"https:\/\/www.wesolyskrzat.edu.pl\/?s={search_term_string}"},"query-input":"required name=search_term_string"}],"inLanguage":"pl-PL"},{"@type":"WebPage","@id":"https:\/\/www.wesolyskrzat.edu.pl\/index.php\/o-nas\/#webpage","url":"https:\/\/www.wesolyskrzat.edu.pl\/index.php\/o-nas\/","name":"O nas - Weso\u0142y Skrzat","isPartOf":{"@id":"https:\/\/www.wesolyskrzat.edu.pl\/#website"},"datePublished":"2022-04-12T12:44:10+00:00","dateModified":"2023-10-01T20:53:54+00:00","breadcrumb":{"@id":"https:\/\/www.wesolyskrzat.edu.pl\/index.php\/o-nas\/#breadcrumb"},"inLanguage":"pl-PL","potentialAction":[{"@type":"ReadAction","target":["https:\/\/www.wesolyskrzat.edu.pl\/index.php\/o-nas\/"]}]},{"@type":"BreadcrumbList","@id":"https:\/\/www.wesolyskrzat.edu.pl\/index.php\/o-nas\/#breadcrumb","itemListElement":[{"@type":"ListItem","position":1,"name":"Home","item":"https:\/\/www.wesolyskrzat.edu.pl\/"},{"@type":"ListItem","position":2,"name":"O nas"}]}]}},"_links":{"self":[{"href":"https:\/\/www.wesolyskrzat.edu.pl\/index.php\/wp-json\/wp\/v2\/pages\/1189","targetHints":{"allow":["GET"]}}],"collection":[{"href":"https:\/\/www.wesolyskrzat.edu.pl\/index.php\/wp-json\/wp\/v2\/pages"}],"about":[{"href":"https:\/\/www.wesolyskrzat.edu.pl\/index.php\/wp-json\/wp\/v2\/types\/page"}],"author":[{"embeddable":true,"href":"https:\/\/www.wesolyskrzat.edu.pl\/index.php\/wp-json\/wp\/v2\/users\/1"}],"replies":[{"embeddable":true,"href":"https:\/\/www.wesolyskrzat.edu.pl\/index.php\/wp-json\/wp\/v2\/comments?post=1189"}],"version-history":[{"count":6,"href":"https:\/\/www.wesolyskrzat.edu.pl\/index.php\/wp-json\/wp\/v2\/pages\/1189\/revisions"}],"predecessor-version":[{"id":1809,"href":"https:\/\/www.wesolyskrzat.edu.pl\/index.php\/wp-json\/wp\/v2\/pages\/1189\/revisions\/1809"}],"wp:attachment":[{"href":"https:\/\/www.wesolyskrzat.edu.pl\/index.php\/wp-json\/wp\/v2\/media?parent=1189"}],"curies":[{"name":"wp","href":"https:\/\/api.w.org\/{rel}","templated":true}]}}